{"id":330,"date":"2019-12-13T02:26:57","date_gmt":"2019-12-13T02:26:57","guid":{"rendered":"https:\/\/demosoledad.pencidesign.net\/soledad-dental-clinic-multipurpose\/?page_id=14"},"modified":"2022-06-29T23:13:11","modified_gmt":"2022-06-29T21:13:11","slug":"aktualnosci","status":"publish","type":"page","link":"http:\/\/arm-medica.com\/index.php\/aktualnosci\/","title":{"rendered":"Aktualno\u015bci"},"content":{"rendered":"\t\t<div data-elementor-type=\"wp-page\" data-elementor-id=\"330\" class=\"elementor elementor-330\">\n\t\t\t\t\t\t<section class=\"penci-section penci-disSticky penci-structure-10 elementor-section elementor-top-section elementor-element elementor-element-6fb2d3e elementor-section-boxed elementor-section-height-default elementor-section-height-default\" data-id=\"6fb2d3e\" data-element_type=\"section\" data-settings=\"{&quot;background_background&quot;:&quot;classic&quot;}\">\n\t\t\t\t\t\t<div class=\"elementor-container elementor-column-gap-extended\">\n\t\t\t\t\t<div class=\"penci-ercol-100 penci-ercol-order-1 penci-sticky-ct  elementor-column elementor-col-100 elementor-top-column elementor-element elementor-element-a416029\" data-id=\"a416029\" data-element_type=\"column\">\n\t\t\t<div class=\"elementor-widget-wrap elementor-element-populated\">\n\t\t\t\t\t\t<div class=\"elementor-element elementor-element-f4d0883 elementor-widget elementor-widget-penci-fancy_heading\" data-id=\"f4d0883\" data-element_type=\"widget\" data-widget_type=\"penci-fancy_heading.default\">\n\t\t\t\t<div class=\"elementor-widget-container\">\n\t\t\t\t\t\t\t<div class=\"penci-fancy-heading penci-heading-text-left\">\r\n\t\t\t<div class=\"penci-fancy-heading-inner\">\r\n\t\t\t\t<h2 class=\"penci-heading-title\">Aktualno\u015bci - NOWO\u015aCI!<\/h2>\t\t\t<\/div>\r\n\t\t<\/div>\r\n\t\t\t\t\t\t<\/div>\n\t\t\t\t<\/div>\n\t\t\t\t\t<\/div>\n\t\t<\/div>\n\t\t\t\t\t<\/div>\n\t\t<\/section>\n\t\t\t\t<section class=\"penci-section penci-disSticky penci-structure-10 elementor-section elementor-top-section elementor-element elementor-element-39dd422 elementor-section-boxed elementor-section-height-default elementor-section-height-default\" data-id=\"39dd422\" data-element_type=\"section\">\n\t\t\t\t\t\t<div class=\"elementor-container elementor-column-gap-no\">\n\t\t\t\t\t<div class=\"penci-ercol-100 penci-ercol-order-1 penci-sticky-ct  elementor-column elementor-col-100 elementor-top-column elementor-element elementor-element-9cc205e\" data-id=\"9cc205e\" data-element_type=\"column\">\n\t\t\t<div class=\"elementor-widget-wrap elementor-element-populated\">\n\t\t\t\t\t\t<div class=\"elementor-element elementor-element-078f96e elementor-widget elementor-widget-penci-latest-posts\" data-id=\"078f96e\" data-element_type=\"widget\" data-widget_type=\"penci-latest-posts.default\">\n\t\t\t\t<div class=\"elementor-widget-container\">\n\t\t\t\t\t                <div id=\"pencilatest_posts_76367\" class=\"penci-latest-posts-sc penci-latest-posts-grid penci-latest-posts-el penci-el-mixed-s1 penci-latest-posts-left penci-std-continue-center penci-std-excerpt-center penci-grid-excerpt-left\">\r\n\t\t\t\t\t\r\n                    <div class=\"penci-wrapper-posts-content\">\r\n\r\n\t\t\t\t\t\t\t\t\t\t\t\t\t                            <ul class=\"penci-wrapper-data penci-grid penci-shortcode-render\">\t\t\t\t\t\t\t\t\t\t\t\t\t\t\t\t\t\t<li class=\"grid-style\">\r\n\t<article id=\"post-418\" class=\"item hentry\">\r\n\t\t\t\t\t<div class=\"thumbnail\">\r\n\t\t\t\t\t\t\t\t\t\t\t\t<a class=\"penci-image-holder penci-lazy\" data-bgset=\"http:\/\/arm-medica.com\/wp-content\/uploads\/2022\/06\/271807955_327661319213833_6469527018481395251_n-526x390.jpg\" href=\"http:\/\/arm-medica.com\/index.php\/2022\/06\/29\/actimove\/\" title=\"Actimove\">\r\n\t\t\t\t<\/a>\r\n\t\t\t\t\r\n\t\t\t\t\t\t\t\t\t\t\t\t\t\t\t<a href=\"http:\/\/arm-medica.com\/index.php\/2022\/06\/29\/actimove\/\" class=\"icon-post-format\" aria-label=\"Icon\"><i class=\"penci-faicon fa fa-play\" ><\/i><\/a>\r\n\t\t\t\t\t\t\t\t\t\t\t\t\t\t\t\t\t\t\t\t\t\t\t\t\t\t\t\t\t\t\t\t<\/div>\r\n\t\t\r\n\t\t<div class=\"grid-header-box\">\r\n\t\t\t\t\t\t\t<span class=\"cat\"><a class=\"penci-cat-name penci-cat-1\" href=\"http:\/\/arm-medica.com\/index.php\/category\/aktualnosci\/\"  rel=\"category tag\">Aktualno\u015bci<\/a><\/span>\r\n\t\t\t\r\n\t\t\t<h2 class=\"penci-entry-title entry-title grid-title\"><a href=\"http:\/\/arm-medica.com\/index.php\/2022\/06\/29\/actimove\/\">Actimove<\/a><\/h2>\r\n\t\t\t\t\t<div class=\"penci-hide-tagupdated\">\n\t\t\t<span class=\"author-italic author vcard\">by <a class=\"url fn n\" href=\"http:\/\/arm-medica.com\/index.php\/author\/przemo\/\">przemo<\/a><\/span>\n\t\t\t<time class=\"entry-date published\" datetime=\"2022-06-29T23:22:31+02:00\">2022-06-29<\/time>\t\t<\/div>\n\t\t\t\t\t\t\t\t\t<div class=\"grid-post-box-meta\">\r\n\t\t\t\t\t\t\t\t\t\t\t<span class=\"otherl-date-author author-italic author vcard\">by <a class=\"url fn n\" href=\"http:\/\/arm-medica.com\/index.php\/author\/przemo\/\">przemo<\/a><\/span>\r\n\t\t\t\t\t\t\t\t\t\t\t\t\t\t\t\t<span class=\"otherl-date\"><time class=\"entry-date published\" datetime=\"2022-06-29T23:22:31+02:00\">2022-06-29<\/time><\/span>\r\n\t\t\t\t\t\t\t\t\t\t\t\t\t\t\t\t\t\t\t\t\t\t\t\t<\/div>\r\n\t\t\t\t\t<\/div>\r\n\r\n\t\t\t\t\t<div class=\"item-content entry-content\">\r\n\t\t\t\t<p>Bez wzgl\u0119du na to, czy biegasz maratony, wracasz do zdrowia po kontuzji, pokonujesz codzienne wyzwania zwi\u0105zane z artretyzmem lub b\u00f3lem zwi\u0105zanym z &#8230;<\/p>\n\t\t\t<\/div>\r\n\t\t\r\n\t\t\r\n\t\t\t<\/article>\r\n<\/li>\r\n<li class=\"grid-style\">\r\n\t<article id=\"post-415\" class=\"item hentry\">\r\n\t\t\t\t\t<div class=\"thumbnail\">\r\n\t\t\t\t\t\t\t\t\t\t\t\t<a class=\"penci-image-holder penci-lazy\" data-bgset=\"http:\/\/arm-medica.com\/wp-content\/uploads\/2022\/06\/275387684_358233806156584_7776441901825869566_n-585x390.jpg\" href=\"http:\/\/arm-medica.com\/index.php\/2022\/06\/29\/pelen-asortyment-firmy-pempa\/\" title=\"Pe\u0142en asortyment firmy PEMPA\">\r\n\t\t\t\t<\/a>\r\n\t\t\t\t\r\n\t\t\t\t\t\t\t\t\t\t\t\t\t\t\t\t\t\t\t\t\t\t\t\t\t\t\t\t\t\t\t\t\t\t\t\t<\/div>\r\n\t\t\r\n\t\t<div class=\"grid-header-box\">\r\n\t\t\t\t\t\t\t<span class=\"cat\"><a class=\"penci-cat-name penci-cat-1\" href=\"http:\/\/arm-medica.com\/index.php\/category\/aktualnosci\/\"  rel=\"category tag\">Aktualno\u015bci<\/a><\/span>\r\n\t\t\t\r\n\t\t\t<h2 class=\"penci-entry-title entry-title grid-title\"><a href=\"http:\/\/arm-medica.com\/index.php\/2022\/06\/29\/pelen-asortyment-firmy-pempa\/\">Pe\u0142en asortyment firmy PEMPA<\/a><\/h2>\r\n\t\t\t\t\t<div class=\"penci-hide-tagupdated\">\n\t\t\t<span class=\"author-italic author vcard\">by <a class=\"url fn n\" href=\"http:\/\/arm-medica.com\/index.php\/author\/przemo\/\">przemo<\/a><\/span>\n\t\t\t<time class=\"entry-date published\" datetime=\"2022-06-29T23:18:29+02:00\">2022-06-29<\/time>\t\t<\/div>\n\t\t\t\t\t\t\t\t\t<div class=\"grid-post-box-meta\">\r\n\t\t\t\t\t\t\t\t\t\t\t<span class=\"otherl-date-author author-italic author vcard\">by <a class=\"url fn n\" href=\"http:\/\/arm-medica.com\/index.php\/author\/przemo\/\">przemo<\/a><\/span>\r\n\t\t\t\t\t\t\t\t\t\t\t\t\t\t\t\t<span class=\"otherl-date\"><time class=\"entry-date published\" datetime=\"2022-06-29T23:18:29+02:00\">2022-06-29<\/time><\/span>\r\n\t\t\t\t\t\t\t\t\t\t\t\t\t\t\t\t\t\t\t\t\t\t\t\t<\/div>\r\n\t\t\t\t\t<\/div>\r\n\r\n\t\t\t\t\t<div class=\"item-content entry-content\">\r\n\t\t\t\t<p>Polski producent sprz\u0119tu medycznego: termometry, ci\u015bnieniomierze, inhalatory. Urz\u0105dzenia posiadaj\u0105 gwarancj\u0119 door to door dla najwy\u017cszego komfortu u\u017cytkowania przez ca\u0142y okres gwarancji. Zapraszamy &#8230;<\/p>\n\t\t\t<\/div>\r\n\t\t\r\n\t\t\r\n\t\t\t<\/article>\r\n<\/li>\r\n<li class=\"grid-style\">\r\n\t<article id=\"post-408\" class=\"item hentry\">\r\n\t\t\t\t\t\t\t\t\t\t\t\t<div class=\"thumbnail\">\r\n\t\t\t\t\t<div class=\"penci-owl-carousel penci-owl-carousel-slider penci-nav-visible\" data-auto=\"true\">\r\n\t\t\t\t\t\t\r\n\t\t\t\t\t\t\t\t\t\t\t\t\t\t\r\n\t\t\t\t\t\t\t\t\t\t\t\t\t\t\t<figure class=\"penci-image-holder penci-lazy\"  data-bgset=\"http:\/\/arm-medica.com\/wp-content\/uploads\/2022\/06\/276107927_364004152246216_7226308313358417334_n-585x390.jpg\">\r\n\t\t\t\t\t\t\t\t<\/figure>\r\n\t\t\t\t\t\t\t\t\t\t\t\t\t\r\n\t\t\t\t\t\t\t\t\t\t\t\t\t\t\r\n\t\t\t\t\t\t\t\t\t\t\t\t\t\t\t<figure class=\"penci-image-holder penci-lazy\"  data-bgset=\"http:\/\/arm-medica.com\/wp-content\/uploads\/2022\/06\/276107605_364004172246214_4871559546068389237_n-585x390.jpg\">\r\n\t\t\t\t\t\t\t\t<\/figure>\r\n\t\t\t\t\t\t\t\t\t\t\t\t\t\t\t\t\t\t<\/div>\r\n\t\t\t\t<\/div>\r\n\t\t\t\r\n\t\t\r\n\t\t<div class=\"grid-header-box\">\r\n\t\t\t\t\t\t\t<span class=\"cat\"><a class=\"penci-cat-name penci-cat-1\" href=\"http:\/\/arm-medica.com\/index.php\/category\/aktualnosci\/\"  rel=\"category tag\">Aktualno\u015bci<\/a><\/span>\r\n\t\t\t\r\n\t\t\t<h2 class=\"penci-entry-title entry-title grid-title\"><a href=\"http:\/\/arm-medica.com\/index.php\/2022\/06\/29\/produkty-firmy-intec\/\">Produkty firmy INTEC<\/a><\/h2>\r\n\t\t\t\t\t<div class=\"penci-hide-tagupdated\">\n\t\t\t<span class=\"author-italic author vcard\">by <a class=\"url fn n\" href=\"http:\/\/arm-medica.com\/index.php\/author\/przemo\/\">przemo<\/a><\/span>\n\t\t\t<time class=\"entry-date published\" datetime=\"2022-06-29T23:11:05+02:00\">2022-06-29<\/time>\t\t<\/div>\n\t\t\t\t\t\t\t\t\t<div class=\"grid-post-box-meta\">\r\n\t\t\t\t\t\t\t\t\t\t\t<span class=\"otherl-date-author author-italic author vcard\">by <a class=\"url fn n\" href=\"http:\/\/arm-medica.com\/index.php\/author\/przemo\/\">przemo<\/a><\/span>\r\n\t\t\t\t\t\t\t\t\t\t\t\t\t\t\t\t<span class=\"otherl-date\"><time class=\"entry-date published\" datetime=\"2022-06-29T23:11:05+02:00\">2022-06-29<\/time><\/span>\r\n\t\t\t\t\t\t\t\t\t\t\t\t\t\t\t\t\t\t\t\t\t\t\t\t<\/div>\r\n\t\t\t\t\t<\/div>\r\n\r\n\t\t\t\t\t<div class=\"item-content entry-content\">\r\n\t\t\t\t<p>Inhalatory dla dzieci, ci\u015bnieniomierze naramienne, nawil\u017cacze powietrza, termometry, akcesoria do masa\u017cu, termoterapii, wagi medyczne i inne. Elektroniczne termometry dla dzieci dost\u0119pne s\u0105 &#8230;<\/p>\n\t\t\t<\/div>\r\n\t\t\r\n\t\t\r\n\t\t\t<\/article>\r\n<\/li>\r\n\r\n\t\t\t\t\t\t\t\t\t\t\t\t\t\t\t\t\t\t\t\t\t\t\t\t\t<\/ul>\r\n\r\n\t\t\t\t\t\t\t\t\t\t\t\t\t\t\t\t\t\t                    <\/div>\r\n                <\/div>\r\n\t\t\t            <style>\r\n                                                                                                                                #pencilatest_posts_76367\t\t\t\t.list-post .header-list-style:after,\r\n                #pencilatest_posts_76367 .grid-header-box:after,\r\n                #pencilatest_posts_76367 .penci-overlay-over .overlay-header-box:after,\r\n                #pencilatest_posts_76367 .home-featured-cat-content .first-post .magcat-detail .mag-header:after {\r\n\t\t\t\t\tcontent: none;\r\n\t\t\t\t}\r\n                #pencilatest_posts_76367\t\t\t\t.list-post .header-list-style, #pencilatest_posts_76367 .grid-header-box,\r\n                #pencilatest_posts_76367 .penci-overlay-over .overlay-header-box,\r\n                #pencilatest_posts_76367 .home-featured-cat-content .first-post .magcat-detail .mag-header {\r\n\t\t\t\t\tpadding-bottom: 0;\r\n\t\t\t\t}\r\n                                                                            <\/style>\r\n\t\t\t\t\t\t\t<\/div>\n\t\t\t\t<\/div>\n\t\t\t\t\t<\/div>\n\t\t<\/div>\n\t\t\t\t\t<\/div>\n\t\t<\/section>\n\t\t\t\t<\/div>\n\t\t","protected":false},"excerpt":{"rendered":"<p>Aktualno\u015bci &#8211; NOWO\u015aCI! Aktualno\u015bci Produkty firmy INTEC by przemo 2022-06-29 by przemo 2022-06-29 Inhalatory dla dzieci, ci\u015bnieniomierze naramienne, nawil\u017cacze powietrza, termometry, akcesoria do masa\u017cu, termoterapii, wagi medyczne i inne. Elektroniczne&hellip;<\/p>\n","protected":false},"author":1,"featured_media":0,"parent":0,"menu_order":0,"comment_status":"closed","ping_status":"closed","template":"page-fullwidth.php","meta":{"footnotes":""},"class_list":["post-330","page","type-page","status-publish","hentry"],"_links":{"self":[{"href":"http:\/\/arm-medica.com\/index.php\/wp-json\/wp\/v2\/pages\/330","targetHints":{"allow":["GET"]}}],"collection":[{"href":"http:\/\/arm-medica.com\/index.php\/wp-json\/wp\/v2\/pages"}],"about":[{"href":"http:\/\/arm-medica.com\/index.php\/wp-json\/wp\/v2\/types\/page"}],"author":[{"embeddable":true,"href":"http:\/\/arm-medica.com\/index.php\/wp-json\/wp\/v2\/users\/1"}],"replies":[{"embeddable":true,"href":"http:\/\/arm-medica.com\/index.php\/wp-json\/wp\/v2\/comments?post=330"}],"version-history":[{"count":6,"href":"http:\/\/arm-medica.com\/index.php\/wp-json\/wp\/v2\/pages\/330\/revisions"}],"predecessor-version":[{"id":671,"href":"http:\/\/arm-medica.com\/index.php\/wp-json\/wp\/v2\/pages\/330\/revisions\/671"}],"wp:attachment":[{"href":"http:\/\/arm-medica.com\/index.php\/wp-json\/wp\/v2\/media?parent=330"}],"curies":[{"name":"wp","href":"https:\/\/api.w.org\/{rel}","templated":true}]}}