{"id":328,"date":"2019-12-13T02:26:26","date_gmt":"2019-12-13T02:26:26","guid":{"rendered":"https:\/\/demosoledad.pencidesign.net\/soledad-dental-clinic-multipurpose\/?page_id=8"},"modified":"2025-03-05T10:18:04","modified_gmt":"2025-03-05T09:18:04","slug":"wypozyczalnia","status":"publish","type":"page","link":"http:\/\/arm-medica.com\/index.php\/wypozyczalnia\/","title":{"rendered":"Wypo\u017cyczalnia"},"content":{"rendered":"\t\t<div data-elementor-type=\"wp-page\" data-elementor-id=\"328\" class=\"elementor elementor-328\">\n\t\t\t\t\t\t<section class=\"penci-section penci-disSticky penci-structure-10 elementor-section elementor-top-section elementor-element elementor-element-1d2f59a elementor-section-boxed elementor-section-height-default elementor-section-height-default\" data-id=\"1d2f59a\" data-element_type=\"section\" data-settings=\"{&quot;background_background&quot;:&quot;classic&quot;}\">\n\t\t\t\t\t\t<div class=\"elementor-container elementor-column-gap-extended\">\n\t\t\t\t\t<div class=\"penci-ercol-100 penci-ercol-order-1 penci-sticky-ct  elementor-column elementor-col-100 elementor-top-column elementor-element elementor-element-491d6fa\" data-id=\"491d6fa\" data-element_type=\"column\">\n\t\t\t<div class=\"elementor-widget-wrap elementor-element-populated\">\n\t\t\t\t\t\t<div class=\"elementor-element elementor-element-ed7d4f7 elementor-widget elementor-widget-penci-fancy_heading\" data-id=\"ed7d4f7\" data-element_type=\"widget\" data-widget_type=\"penci-fancy_heading.default\">\n\t\t\t\t<div class=\"elementor-widget-container\">\n\t\t\t\t\t\t\t<div class=\"penci-fancy-heading penci-heading-text-center\">\r\n\t\t\t<div class=\"penci-fancy-heading-inner\">\r\n\t\t\t\t<h2 class=\"penci-heading-title\">Wypo\u017cyczalnia<\/h2>\t\t\t<\/div>\r\n\t\t<\/div>\r\n\t\t\t\t\t\t<\/div>\n\t\t\t\t<\/div>\n\t\t\t\t\t<\/div>\n\t\t<\/div>\n\t\t\t\t\t<\/div>\n\t\t<\/section>\n\t\t\t\t<section class=\"penci-section penci-disSticky penci-structure-30 elementor-section elementor-top-section elementor-element elementor-element-38bd623 elementor-section-boxed elementor-section-height-default elementor-section-height-default\" data-id=\"38bd623\" data-element_type=\"section\">\n\t\t\t\t\t\t<div class=\"elementor-container elementor-column-gap-extended\">\n\t\t\t\t\t<div class=\"penci-ercol-33 penci-ercol-order-1 penci-sticky-sb penci-sidebarSC elementor-column elementor-col-33 elementor-top-column elementor-element elementor-element-b7c3f45\" data-id=\"b7c3f45\" data-element_type=\"column\">\n\t\t\t<div class=\"elementor-widget-wrap elementor-element-populated\">\n\t\t\t\t\t\t<div class=\"elementor-element elementor-element-990c19f elementor-widget elementor-widget-image\" data-id=\"990c19f\" data-element_type=\"widget\" data-widget_type=\"image.default\">\n\t\t\t\t<div class=\"elementor-widget-container\">\n\t\t\t\t\t\t\t\t\t\t\t\t\t\t\t<img fetchpriority=\"high\" decoding=\"async\" width=\"880\" height=\"720\" src=\"http:\/\/arm-medica.com\/wp-content\/uploads\/2022\/07\/Lozka-ortopedyczne-A.png\" class=\"attachment-large size-large wp-image-565\" alt=\"\" srcset=\"http:\/\/arm-medica.com\/wp-content\/uploads\/2022\/07\/Lozka-ortopedyczne-A.png 880w, http:\/\/arm-medica.com\/wp-content\/uploads\/2022\/07\/Lozka-ortopedyczne-A-300x245.png 300w, http:\/\/arm-medica.com\/wp-content\/uploads\/2022\/07\/Lozka-ortopedyczne-A-768x628.png 768w, http:\/\/arm-medica.com\/wp-content\/uploads\/2022\/07\/Lozka-ortopedyczne-A-585x479.png 585w, http:\/\/arm-medica.com\/wp-content\/uploads\/2022\/07\/Lozka-ortopedyczne-A-600x491.png 600w\" sizes=\"(max-width: 880px) 100vw, 880px\" \/>\t\t\t\t\t\t\t\t\t\t\t\t\t\t\t<\/div>\n\t\t\t\t<\/div>\n\t\t\t\t<div class=\"elementor-element elementor-element-fe812eb elementor-widget elementor-widget-penci-info-box\" data-id=\"fe812eb\" data-element_type=\"widget\" data-widget_type=\"penci-info-box.default\">\n\t\t\t\t<div class=\"elementor-widget-container\">\n\t\t\t\t\t\t\t<div id=\"penci_info_box_26136\" class=\"penci-block-vc penci-info-box penci-ibox-top-center penci-view-stacked penci-shape-circle\">\r\n\t\t\t<div class=\"penci-ibox-inner penci-animation-shrink\">\r\n\t\t\t\t\t\t\t\t<div class=\"penci-ibox-icon penci-ibox-icon--icon penci-icon penci-tibox-icon\"><span class=\"penci-ibox-icon-fa\"><i class=\"penci-ibox-icon--i fa fa-chevron-down\" aria-hidden=\"true\"><\/i><\/span><\/div>\t\t\t\t<div class=\"penci-ibox-content-wrap\">\r\n\t\t\t\t\t\t\t\t\t\t<h3 class=\"penci-ibox-title\">\u0141\u00f3\u017cka ortopedyczne<\/h3>\t\t\t\t\t\t\t\t\t\t\t\t\t\t\t\t\t\t\t<\/div>\r\n\t\t\t<\/div>\r\n\t\t<\/div>\r\n\t\t\t\t\t\t<\/div>\n\t\t\t\t<\/div>\n\t\t\t\t\t<\/div>\n\t\t<\/div>\n\t\t\t\t<div class=\"penci-ercol-33 penci-ercol-order-2 penci-sticky-sb penci-sidebarSC elementor-column elementor-col-33 elementor-top-column elementor-element elementor-element-66e0718\" data-id=\"66e0718\" data-element_type=\"column\">\n\t\t\t<div class=\"elementor-widget-wrap elementor-element-populated\">\n\t\t\t\t\t\t<div class=\"elementor-element elementor-element-7da42f5 elementor-widget elementor-widget-image\" data-id=\"7da42f5\" data-element_type=\"widget\" data-widget_type=\"image.default\">\n\t\t\t\t<div class=\"elementor-widget-container\">\n\t\t\t\t\t\t\t\t\t\t\t\t\t\t\t<img decoding=\"async\" width=\"880\" height=\"720\" src=\"http:\/\/arm-medica.com\/wp-content\/uploads\/2022\/07\/Podnosnik-A.png\" class=\"attachment-large size-large wp-image-566\" alt=\"\" srcset=\"http:\/\/arm-medica.com\/wp-content\/uploads\/2022\/07\/Podnosnik-A.png 880w, http:\/\/arm-medica.com\/wp-content\/uploads\/2022\/07\/Podnosnik-A-300x245.png 300w, http:\/\/arm-medica.com\/wp-content\/uploads\/2022\/07\/Podnosnik-A-768x628.png 768w, http:\/\/arm-medica.com\/wp-content\/uploads\/2022\/07\/Podnosnik-A-585x479.png 585w, http:\/\/arm-medica.com\/wp-content\/uploads\/2022\/07\/Podnosnik-A-600x491.png 600w\" sizes=\"(max-width: 880px) 100vw, 880px\" \/>\t\t\t\t\t\t\t\t\t\t\t\t\t\t\t<\/div>\n\t\t\t\t<\/div>\n\t\t\t\t<div class=\"elementor-element elementor-element-73611a6 elementor-widget elementor-widget-penci-info-box\" data-id=\"73611a6\" data-element_type=\"widget\" data-widget_type=\"penci-info-box.default\">\n\t\t\t\t<div class=\"elementor-widget-container\">\n\t\t\t\t\t\t\t<div id=\"penci_info_box_97197\" class=\"penci-block-vc penci-info-box penci-ibox-top-center penci-view-stacked penci-shape-circle\">\r\n\t\t\t<div class=\"penci-ibox-inner penci-animation-shrink\">\r\n\t\t\t\t\t\t\t\t<div class=\"penci-ibox-icon penci-ibox-icon--icon penci-icon penci-tibox-icon\"><span class=\"penci-ibox-icon-fa\"><i class=\"penci-ibox-icon--i fa fa-angle-down\" aria-hidden=\"true\"><\/i><\/span><\/div>\t\t\t\t<div class=\"penci-ibox-content-wrap\">\r\n\t\t\t\t\t\t\t\t\t\t<h3 class=\"penci-ibox-title\">Podno\u015bniki transportowo-k\u0105pielowe<\/h3>\t\t\t\t\t\t\t\t\t\t\t\t\t\t\t\t\t\t\t<\/div>\r\n\t\t\t<\/div>\r\n\t\t<\/div>\r\n\t\t\t\t\t\t<\/div>\n\t\t\t\t<\/div>\n\t\t\t\t\t<\/div>\n\t\t<\/div>\n\t\t\t\t<div class=\"penci-ercol-33 penci-ercol-order-3 penci-sticky-sb penci-sidebarSC elementor-column elementor-col-33 elementor-top-column elementor-element elementor-element-01ca1ee\" data-id=\"01ca1ee\" data-element_type=\"column\">\n\t\t\t<div class=\"elementor-widget-wrap elementor-element-populated\">\n\t\t\t\t\t\t<div class=\"elementor-element elementor-element-3bb20c7 elementor-widget elementor-widget-image\" data-id=\"3bb20c7\" data-element_type=\"widget\" data-widget_type=\"image.default\">\n\t\t\t\t<div class=\"elementor-widget-container\">\n\t\t\t\t\t\t\t\t\t\t\t\t\t\t\t<img decoding=\"async\" width=\"403\" height=\"334\" src=\"http:\/\/arm-medica.com\/wp-content\/uploads\/2022\/08\/web_Jazz-S50-C86-3Q-view.jpg\" class=\"attachment-large size-large wp-image-628\" alt=\"\" srcset=\"http:\/\/arm-medica.com\/wp-content\/uploads\/2022\/08\/web_Jazz-S50-C86-3Q-view.jpg 403w, http:\/\/arm-medica.com\/wp-content\/uploads\/2022\/08\/web_Jazz-S50-C86-3Q-view-300x249.jpg 300w\" sizes=\"(max-width: 403px) 100vw, 403px\" \/>\t\t\t\t\t\t\t\t\t\t\t\t\t\t\t<\/div>\n\t\t\t\t<\/div>\n\t\t\t\t<div class=\"elementor-element elementor-element-91533e1 elementor-widget elementor-widget-penci-info-box\" data-id=\"91533e1\" data-element_type=\"widget\" data-widget_type=\"penci-info-box.default\">\n\t\t\t\t<div class=\"elementor-widget-container\">\n\t\t\t\t\t\t\t<div id=\"penci_info_box_58916\" class=\"penci-block-vc penci-info-box penci-ibox-top-center penci-view-stacked penci-shape-circle\">\r\n\t\t\t<div class=\"penci-ibox-inner penci-animation-shrink\">\r\n\t\t\t\t\t\t\t\t<div class=\"penci-ibox-icon penci-ibox-icon--icon penci-icon penci-tibox-icon\"><span class=\"penci-ibox-icon-fa\"><i class=\"penci-ibox-icon--i fa fa-chevron-down\" aria-hidden=\"true\"><\/i><\/span><\/div>\t\t\t\t<div class=\"penci-ibox-content-wrap\">\r\n\t\t\t\t\t\t\t\t\t\t<h3 class=\"penci-ibox-title\">W\u00f3zki inwalidzkie<\/h3>\t\t\t\t\t\t\t\t\t\t\t\t\t\t\t\t\t\t\t<\/div>\r\n\t\t\t<\/div>\r\n\t\t<\/div>\r\n\t\t\t\t\t\t<\/div>\n\t\t\t\t<\/div>\n\t\t\t\t\t<\/div>\n\t\t<\/div>\n\t\t\t\t\t<\/div>\n\t\t<\/section>\n\t\t\t\t<section class=\"penci-section penci-disSticky penci-structure-30 elementor-section elementor-top-section elementor-element elementor-element-eb63ae7 elementor-section-boxed elementor-section-height-default elementor-section-height-default\" data-id=\"eb63ae7\" data-element_type=\"section\">\n\t\t\t\t\t\t<div class=\"elementor-container elementor-column-gap-extended\">\n\t\t\t\t\t<div class=\"penci-ercol-33 penci-ercol-order-1 penci-sticky-sb penci-sidebarSC elementor-column elementor-col-33 elementor-top-column elementor-element elementor-element-3db1f24\" data-id=\"3db1f24\" data-element_type=\"column\">\n\t\t\t<div class=\"elementor-widget-wrap elementor-element-populated\">\n\t\t\t\t\t\t<div class=\"elementor-element elementor-element-dad6b6a elementor-widget elementor-widget-image\" data-id=\"dad6b6a\" data-element_type=\"widget\" data-widget_type=\"image.default\">\n\t\t\t\t<div class=\"elementor-widget-container\">\n\t\t\t\t\t\t\t\t\t\t\t\t\t\t\t<img loading=\"lazy\" decoding=\"async\" width=\"403\" height=\"334\" src=\"http:\/\/arm-medica.com\/wp-content\/uploads\/2022\/08\/web_286i-3Q-view.jpg\" class=\"attachment-large size-large wp-image-632\" alt=\"\" srcset=\"http:\/\/arm-medica.com\/wp-content\/uploads\/2022\/08\/web_286i-3Q-view.jpg 403w, http:\/\/arm-medica.com\/wp-content\/uploads\/2022\/08\/web_286i-3Q-view-300x249.jpg 300w\" sizes=\"(max-width: 403px) 100vw, 403px\" \/>\t\t\t\t\t\t\t\t\t\t\t\t\t\t\t<\/div>\n\t\t\t\t<\/div>\n\t\t\t\t<div class=\"elementor-element elementor-element-4af18b4 elementor-widget elementor-widget-penci-info-box\" data-id=\"4af18b4\" data-element_type=\"widget\" data-widget_type=\"penci-info-box.default\">\n\t\t\t\t<div class=\"elementor-widget-container\">\n\t\t\t\t\t\t\t<div id=\"penci_info_box_99758\" class=\"penci-block-vc penci-info-box penci-ibox-top-center penci-view-stacked penci-shape-circle\">\r\n\t\t\t<div class=\"penci-ibox-inner penci-animation-shrink\">\r\n\t\t\t\t\t\t\t\t<div class=\"penci-ibox-icon penci-ibox-icon--icon penci-icon penci-tibox-icon\"><span class=\"penci-ibox-icon-fa\"><i class=\"penci-ibox-icon--i fa fa-caret-down\" aria-hidden=\"true\"><\/i><\/span><\/div>\t\t\t\t<div class=\"penci-ibox-content-wrap\">\r\n\t\t\t\t\t\t\t\t\t\t<h3 class=\"penci-ibox-title\">Balkoniki i podp\u00f3rki<\/h3>\t\t\t\t\t\t\t\t\t\t\t\t\t\t\t\t\t\t\t<\/div>\r\n\t\t\t<\/div>\r\n\t\t<\/div>\r\n\t\t\t\t\t\t<\/div>\n\t\t\t\t<\/div>\n\t\t\t\t\t<\/div>\n\t\t<\/div>\n\t\t\t\t<div class=\"penci-ercol-33 penci-ercol-order-2 penci-sticky-sb penci-sidebarSC elementor-column elementor-col-33 elementor-top-column elementor-element elementor-element-f20afdf\" data-id=\"f20afdf\" data-element_type=\"column\">\n\t\t\t<div class=\"elementor-widget-wrap elementor-element-populated\">\n\t\t\t\t\t\t<div class=\"elementor-element elementor-element-08d1c9b elementor-widget elementor-widget-image\" data-id=\"08d1c9b\" data-element_type=\"widget\" data-widget_type=\"image.default\">\n\t\t\t\t<div class=\"elementor-widget-container\">\n\t\t\t\t\t\t\t\t\t\t\t\t\t\t\t<img loading=\"lazy\" decoding=\"async\" width=\"880\" height=\"720\" src=\"http:\/\/arm-medica.com\/wp-content\/uploads\/2022\/07\/Koncentratory-tlenu.jpg\" class=\"attachment-large size-large wp-image-459\" alt=\"\" srcset=\"http:\/\/arm-medica.com\/wp-content\/uploads\/2022\/07\/Koncentratory-tlenu.jpg 880w, http:\/\/arm-medica.com\/wp-content\/uploads\/2022\/07\/Koncentratory-tlenu-300x245.jpg 300w, http:\/\/arm-medica.com\/wp-content\/uploads\/2022\/07\/Koncentratory-tlenu-768x628.jpg 768w, http:\/\/arm-medica.com\/wp-content\/uploads\/2022\/07\/Koncentratory-tlenu-585x479.jpg 585w, http:\/\/arm-medica.com\/wp-content\/uploads\/2022\/07\/Koncentratory-tlenu-600x491.jpg 600w\" sizes=\"(max-width: 880px) 100vw, 880px\" \/>\t\t\t\t\t\t\t\t\t\t\t\t\t\t\t<\/div>\n\t\t\t\t<\/div>\n\t\t\t\t<div class=\"elementor-element elementor-element-05b7b3c elementor-widget elementor-widget-penci-info-box\" data-id=\"05b7b3c\" data-element_type=\"widget\" data-widget_type=\"penci-info-box.default\">\n\t\t\t\t<div class=\"elementor-widget-container\">\n\t\t\t\t\t\t\t<div id=\"penci_info_box_92473\" class=\"penci-block-vc penci-info-box penci-ibox-top-center penci-view-stacked penci-shape-circle\">\r\n\t\t\t<div class=\"penci-ibox-inner penci-animation-shrink\">\r\n\t\t\t\t\t\t\t\t<div class=\"penci-ibox-icon penci-ibox-icon--icon penci-icon penci-tibox-icon\"><span class=\"penci-ibox-icon-fa\"><i class=\"penci-ibox-icon--i fa fa-chevron-down\" aria-hidden=\"true\"><\/i><\/span><\/div>\t\t\t\t<div class=\"penci-ibox-content-wrap\">\r\n\t\t\t\t\t\t\t\t\t\t<h3 class=\"penci-ibox-title\">Koncentratory tlenu<\/h3>\t\t\t\t\t\t\t\t\t\t\t\t\t\t\t\t\t\t\t<\/div>\r\n\t\t\t<\/div>\r\n\t\t<\/div>\r\n\t\t\t\t\t\t<\/div>\n\t\t\t\t<\/div>\n\t\t\t\t\t<\/div>\n\t\t<\/div>\n\t\t\t\t<div class=\"penci-ercol-33 penci-ercol-order-3 penci-sticky-sb penci-sidebarSC elementor-column elementor-col-33 elementor-top-column elementor-element elementor-element-d5c7cdc\" data-id=\"d5c7cdc\" data-element_type=\"column\">\n\t\t\t<div class=\"elementor-widget-wrap elementor-element-populated\">\n\t\t\t\t\t\t<div class=\"elementor-element elementor-element-60c3e19 elementor-widget elementor-widget-image\" data-id=\"60c3e19\" data-element_type=\"widget\" data-widget_type=\"image.default\">\n\t\t\t\t<div class=\"elementor-widget-container\">\n\t\t\t\t\t\t\t\t\t\t\t\t\t\t\t<img loading=\"lazy\" decoding=\"async\" width=\"1024\" height=\"783\" src=\"http:\/\/arm-medica.com\/wp-content\/uploads\/2025\/03\/7E-C-1024x783.jpg\" class=\"attachment-large size-large wp-image-682\" alt=\"Ssak medyczny\" srcset=\"http:\/\/arm-medica.com\/wp-content\/uploads\/2025\/03\/7E-C-1024x783.jpg 1024w, http:\/\/arm-medica.com\/wp-content\/uploads\/2025\/03\/7E-C-300x230.jpg 300w, http:\/\/arm-medica.com\/wp-content\/uploads\/2025\/03\/7E-C-768x588.jpg 768w, http:\/\/arm-medica.com\/wp-content\/uploads\/2025\/03\/7E-C-1536x1175.jpg 1536w, http:\/\/arm-medica.com\/wp-content\/uploads\/2025\/03\/7E-C-1170x895.jpg 1170w, http:\/\/arm-medica.com\/wp-content\/uploads\/2025\/03\/7E-C-585x448.jpg 585w, http:\/\/arm-medica.com\/wp-content\/uploads\/2025\/03\/7E-C-600x459.jpg 600w, http:\/\/arm-medica.com\/wp-content\/uploads\/2025\/03\/7E-C.jpg 1920w\" sizes=\"(max-width: 1024px) 100vw, 1024px\" \/>\t\t\t\t\t\t\t\t\t\t\t\t\t\t\t<\/div>\n\t\t\t\t<\/div>\n\t\t\t\t<div class=\"elementor-element elementor-element-0f91b97 elementor-widget elementor-widget-penci-info-box\" data-id=\"0f91b97\" data-element_type=\"widget\" data-widget_type=\"penci-info-box.default\">\n\t\t\t\t<div class=\"elementor-widget-container\">\n\t\t\t\t\t\t\t<div id=\"penci_info_box_92968\" class=\"penci-block-vc penci-info-box penci-ibox-top-center penci-view-stacked penci-shape-circle\">\r\n\t\t\t<div class=\"penci-ibox-inner penci-animation-shrink\">\r\n\t\t\t\t\t\t\t\t<div class=\"penci-ibox-icon penci-ibox-icon--icon penci-icon penci-tibox-icon\"><span class=\"penci-ibox-icon-fa\"><i class=\"penci-ibox-icon--i fa fa-chevron-down\" aria-hidden=\"true\"><\/i><\/span><\/div>\t\t\t\t<div class=\"penci-ibox-content-wrap\">\r\n\t\t\t\t\t\t\t\t\t\t<h3 class=\"penci-ibox-title\">Ssaki medyczne<\/h3>\t\t\t\t\t\t\t\t\t\t\t\t\t\t\t\t\t\t\t<\/div>\r\n\t\t\t<\/div>\r\n\t\t<\/div>\r\n\t\t\t\t\t\t<\/div>\n\t\t\t\t<\/div>\n\t\t\t\t\t<\/div>\n\t\t<\/div>\n\t\t\t\t\t<\/div>\n\t\t<\/section>\n\t\t\t\t<section class=\"penci-section penci-disSticky penci-structure-10 elementor-section elementor-top-section elementor-element elementor-element-e8bffcc elementor-section-boxed elementor-section-height-default elementor-section-height-default\" data-id=\"e8bffcc\" data-element_type=\"section\">\n\t\t\t\t\t\t<div class=\"elementor-container elementor-column-gap-default\">\n\t\t\t\t\t<div class=\"penci-ercol-100 penci-ercol-order-1 penci-sticky-ct  elementor-column elementor-col-100 elementor-top-column elementor-element elementor-element-6fbb9ea\" data-id=\"6fbb9ea\" data-element_type=\"column\">\n\t\t\t<div class=\"elementor-widget-wrap elementor-element-populated\">\n\t\t\t\t\t\t<div class=\"elementor-element elementor-element-bce6cce elementor-widget elementor-widget-penci-image-gallery\" data-id=\"bce6cce\" data-element_type=\"widget\" data-widget_type=\"penci-image-gallery.default\">\n\t\t\t\t<div class=\"elementor-widget-container\">\n\t\t\t\t\t\t\t<div id=\"penci-image_gallery_87214\" class=\"penci-block-vc penci-image-gallery penci-image-gallery-s1 pencisc-grid-3\">\n\t\t\t        <div class=\"penci-border-arrow penci-homepage-title penci-home-latest-posts style-11 pcalign-left pciconp-right pcicon-right block-title-icon-left\">\r\n            <h3 class=\"inner-arrow\">\r\n\t\t\t\t<span>Galeria<\/a>            <\/h3>\r\n        <\/div>\r\n\t\t\t\t\t<div class=\"penci-block_content  pencisc-grid\">\n\t\t\t\t                <div class=\"penci-gallery-item penci-galitem-1\">\n                    <a class=\"penci-gallery-ite penci-image-holder penci-lazy\"  data-bgset=\"http:\/\/arm-medica.com\/wp-content\/uploads\/2022\/07\/1-768x432.jpg\"                       href=\"http:\/\/arm-medica.com\/wp-content\/uploads\/2022\/07\/1-1170x658.jpg\" >\n\t\t\t\t\t\t                        <i class=\"penciicon-expand\"><\/i>\n                    <\/a>\n                <\/div>\n\t\t\t\t                <div class=\"penci-gallery-item penci-galitem-2\">\n                    <a class=\"penci-gallery-ite penci-image-holder penci-lazy\"  data-bgset=\"http:\/\/arm-medica.com\/wp-content\/uploads\/2022\/07\/2-768x432.jpg\"                       href=\"http:\/\/arm-medica.com\/wp-content\/uploads\/2022\/07\/2-1170x658.jpg\" >\n\t\t\t\t\t\t                        <i class=\"penciicon-expand\"><\/i>\n                    <\/a>\n                <\/div>\n\t\t\t\t                <div class=\"penci-gallery-item penci-galitem-3\">\n                    <a class=\"penci-gallery-ite penci-image-holder penci-lazy\"  data-bgset=\"http:\/\/arm-medica.com\/wp-content\/uploads\/2022\/07\/3-768x432.jpg\"                       href=\"http:\/\/arm-medica.com\/wp-content\/uploads\/2022\/07\/3-1170x658.jpg\" >\n\t\t\t\t\t\t                        <i class=\"penciicon-expand\"><\/i>\n                    <\/a>\n                <\/div>\n\t\t\t\t                <div class=\"penci-gallery-item penci-galitem-4\">\n                    <a class=\"penci-gallery-ite penci-image-holder penci-lazy\"  data-bgset=\"http:\/\/arm-medica.com\/wp-content\/uploads\/2022\/07\/4-768x432.jpg\"                       href=\"http:\/\/arm-medica.com\/wp-content\/uploads\/2022\/07\/4-1170x658.jpg\" >\n\t\t\t\t\t\t                        <i class=\"penciicon-expand\"><\/i>\n                    <\/a>\n                <\/div>\n\t\t\t\t                <div class=\"penci-gallery-item penci-galitem-5\">\n                    <a class=\"penci-gallery-ite penci-image-holder penci-lazy\"  data-bgset=\"http:\/\/arm-medica.com\/wp-content\/uploads\/2022\/07\/5-768x432.jpg\"                       href=\"http:\/\/arm-medica.com\/wp-content\/uploads\/2022\/07\/5-1170x658.jpg\" >\n\t\t\t\t\t\t                        <i class=\"penciicon-expand\"><\/i>\n                    <\/a>\n                <\/div>\n\t\t\t\t                <div class=\"penci-gallery-item penci-galitem-6\">\n                    <a class=\"penci-gallery-ite penci-image-holder penci-lazy\"  data-bgset=\"http:\/\/arm-medica.com\/wp-content\/uploads\/2022\/07\/6-768x432.jpg\"                       href=\"http:\/\/arm-medica.com\/wp-content\/uploads\/2022\/07\/6-1170x658.jpg\" >\n\t\t\t\t\t\t                        <i class=\"penciicon-expand\"><\/i>\n                    <\/a>\n                <\/div>\n\t\t\t\t\t\t\t<\/div>\n\t\t<\/div>\n\t\t\t\t\t\t<\/div>\n\t\t\t\t<\/div>\n\t\t\t\t\t<\/div>\n\t\t<\/div>\n\t\t\t\t\t<\/div>\n\t\t<\/section>\n\t\t\t\t<\/div>\n\t\t","protected":false},"excerpt":{"rendered":"<p>Wypo\u017cyczalnia \u0141\u00f3\u017cka ortopedyczne Podno\u015bniki transportowo-k\u0105pielowe W\u00f3zki inwalidzkie Balkoniki i podp\u00f3rki Koncentratory tlenu Ssaki medyczne Galeria<\/p>\n","protected":false},"author":1,"featured_media":0,"parent":0,"menu_order":0,"comment_status":"closed","ping_status":"closed","template":"page-fullwidth.php","meta":{"footnotes":""},"class_list":["post-328","page","type-page","status-publish","hentry"],"_links":{"self":[{"href":"http:\/\/arm-medica.com\/index.php\/wp-json\/wp\/v2\/pages\/328","targetHints":{"allow":["GET"]}}],"collection":[{"href":"http:\/\/arm-medica.com\/index.php\/wp-json\/wp\/v2\/pages"}],"about":[{"href":"http:\/\/arm-medica.com\/index.php\/wp-json\/wp\/v2\/types\/page"}],"author":[{"embeddable":true,"href":"http:\/\/arm-medica.com\/index.php\/wp-json\/wp\/v2\/users\/1"}],"replies":[{"embeddable":true,"href":"http:\/\/arm-medica.com\/index.php\/wp-json\/wp\/v2\/comments?post=328"}],"version-history":[{"count":63,"href":"http:\/\/arm-medica.com\/index.php\/wp-json\/wp\/v2\/pages\/328\/revisions"}],"predecessor-version":[{"id":688,"href":"http:\/\/arm-medica.com\/index.php\/wp-json\/wp\/v2\/pages\/328\/revisions\/688"}],"wp:attachment":[{"href":"http:\/\/arm-medica.com\/index.php\/wp-json\/wp\/v2\/media?parent=328"}],"curies":[{"name":"wp","href":"https:\/\/api.w.org\/{rel}","templated":true}]}}